{"id":916,"date":"2025-02-18T09:57:43","date_gmt":"2025-02-18T07:57:43","guid":{"rendered":"https:\/\/tengelpung.disainveeb.ee\/?post_type=product&#038;p=916"},"modified":"2025-02-25T13:53:07","modified_gmt":"2025-02-25T11:53:07","slug":"sulearvuti-vutlar-kaitsekangaga","status":"publish","type":"product","link":"https:\/\/tengelpung.disainveeb.ee\/et\/toode\/sulearvuti-vutlar-kaitsekangaga\/","title":{"rendered":"S\u00fclearvuti turva vutlar"},"content":{"rendered":"<p>Signaale blokeeriv s\u00fclearvuti vutlar pakub t\u00e4iuslikku kaitset koos oma elegantse v\u00e4limusega. Tootes on kasutatud sertifitseeritud k\u00f5rgtehnoloogilist RFID-blokeeringuga kaitsekangast, et pakkuda kaitset h\u00e4kkerite r\u00fcnnakute eest Teie s\u00fclearvutile.<\/p>\n","protected":false},"excerpt":{"rendered":"<p>Signaale blokeeriv s\u00fclearvuti vutlar pakub t\u00e4iuslikku kaitset koos oma elegantse v\u00e4limusega. Tootes on kasutatud sertifitseeritud k\u00f5rgtehnoloogilist RFID-blokeeringuga kaitsekangast, et pakkuda kaitset h\u00e4kkerite r\u00fcnnakute eest Teie s\u00fclearvutile.<\/p>\n","protected":false},"featured_media":1324,"template":"","meta":{"_gspb_post_css":""},"product_brand":[],"product_cat":[52],"product_tag":[],"class_list":{"0":"post-916","1":"product","2":"type-product","3":"status-publish","4":"has-post-thumbnail","6":"product_cat-sulearvuti-turvakotid","8":"first","9":"instock","10":"shipping-taxable","11":"purchasable","12":"product-type-variable"},"_links":{"self":[{"href":"https:\/\/tengelpung.disainveeb.ee\/et\/wp-json\/wp\/v2\/product\/916","targetHints":{"allow":["GET"]}}],"collection":[{"href":"https:\/\/tengelpung.disainveeb.ee\/et\/wp-json\/wp\/v2\/product"}],"about":[{"href":"https:\/\/tengelpung.disainveeb.ee\/et\/wp-json\/wp\/v2\/types\/product"}],"wp:featuredmedia":[{"embeddable":true,"href":"https:\/\/tengelpung.disainveeb.ee\/et\/wp-json\/wp\/v2\/media\/1324"}],"wp:attachment":[{"href":"https:\/\/tengelpung.disainveeb.ee\/et\/wp-json\/wp\/v2\/media?parent=916"}],"wp:term":[{"taxonomy":"product_brand","embeddable":true,"href":"https:\/\/tengelpung.disainveeb.ee\/et\/wp-json\/wp\/v2\/product_brand?post=916"},{"taxonomy":"product_cat","embeddable":true,"href":"https:\/\/tengelpung.disainveeb.ee\/et\/wp-json\/wp\/v2\/product_cat?post=916"},{"taxonomy":"product_tag","embeddable":true,"href":"https:\/\/tengelpung.disainveeb.ee\/et\/wp-json\/wp\/v2\/product_tag?post=916"}],"curies":[{"name":"wp","href":"https:\/\/api.w.org\/{rel}","templated":true}]}}