{"id":908,"date":"2025-02-18T10:16:36","date_gmt":"2025-02-18T08:16:36","guid":{"rendered":"https:\/\/tengelpung.disainveeb.ee\/?post_type=product&#038;p=908"},"modified":"2025-02-26T15:24:27","modified_gmt":"2025-02-26T13:24:27","slug":"sulearvuti-vutlar-ilma-turvakangata","status":"publish","type":"product","link":"https:\/\/tengelpung.disainveeb.ee\/et\/toode\/sulearvuti-vutlar-ilma-turvakangata\/","title":{"rendered":"S\u00fclearvuti vutlar, ilma turvakangata"},"content":{"rendered":"<p>Nahast k\u00e4sit\u00f6\u00f6na valminud s\u00fclearvuti vutlar.<br \/>\n\u2022 Kaal: 150g<br \/>\n\u2022 K\u00f5rgus: 310mm<br \/>\n\u2022 Laius: 420 mm<br \/>\n\u2022 Paksus: 10mm<\/p>\n","protected":false},"excerpt":{"rendered":"<p>Nahast k\u00e4sit\u00f6\u00f6na valminud s\u00fclearvuti vutlar. \u2022 Kaal: 150g \u2022 K\u00f5rgus: 310mm \u2022 Laius: 420 mm \u2022 Paksus: 10mm<\/p>\n","protected":false},"featured_media":1322,"template":"","meta":{"_gspb_post_css":""},"product_brand":[],"product_cat":[61],"product_tag":[],"class_list":{"0":"post-908","1":"product","2":"type-product","3":"status-publish","4":"has-post-thumbnail","6":"product_cat-sulearvutikotid","8":"first","9":"instock","10":"shipping-taxable","11":"purchasable","12":"product-type-variable"},"_links":{"self":[{"href":"https:\/\/tengelpung.disainveeb.ee\/et\/wp-json\/wp\/v2\/product\/908","targetHints":{"allow":["GET"]}}],"collection":[{"href":"https:\/\/tengelpung.disainveeb.ee\/et\/wp-json\/wp\/v2\/product"}],"about":[{"href":"https:\/\/tengelpung.disainveeb.ee\/et\/wp-json\/wp\/v2\/types\/product"}],"wp:featuredmedia":[{"embeddable":true,"href":"https:\/\/tengelpung.disainveeb.ee\/et\/wp-json\/wp\/v2\/media\/1322"}],"wp:attachment":[{"href":"https:\/\/tengelpung.disainveeb.ee\/et\/wp-json\/wp\/v2\/media?parent=908"}],"wp:term":[{"taxonomy":"product_brand","embeddable":true,"href":"https:\/\/tengelpung.disainveeb.ee\/et\/wp-json\/wp\/v2\/product_brand?post=908"},{"taxonomy":"product_cat","embeddable":true,"href":"https:\/\/tengelpung.disainveeb.ee\/et\/wp-json\/wp\/v2\/product_cat?post=908"},{"taxonomy":"product_tag","embeddable":true,"href":"https:\/\/tengelpung.disainveeb.ee\/et\/wp-json\/wp\/v2\/product_tag?post=908"}],"curies":[{"name":"wp","href":"https:\/\/api.w.org\/{rel}","templated":true}]}}