{"id":906,"date":"2025-02-18T10:21:40","date_gmt":"2025-02-18T08:21:40","guid":{"rendered":"https:\/\/tengelpung.disainveeb.ee\/?post_type=product&#038;p=906"},"modified":"2025-02-25T14:05:06","modified_gmt":"2025-02-25T12:05:06","slug":"rfid-kaitsega-seljakott","status":"publish","type":"product","link":"https:\/\/tengelpung.disainveeb.ee\/et\/toode\/rfid-kaitsega-seljakott\/","title":{"rendered":"RFID kaitsega seljakott"},"content":{"rendered":"<p>Signaale blokeeriv 15&#8243; s\u00fclearvuti seljakott pakub t\u00e4iuslikku kaitset koos oma elegantse v\u00e4limusega. Tootes on kasutatud sertifitseeritud k\u00f5rgtehnoloogilist RFID-blokeeringuga kaitsekangast, et pakkuda kaitset h\u00e4kkerite r\u00fcnnakute eest Teie s\u00fclearvutile.<br \/>\n\u2022 Kaal: 1550g<br \/>\n\u2022 K\u00f5rgus: 450mm<br \/>\n\u2022 Laius: 340 mm<br \/>\n\u2022 Paksus: 200mm<\/p>\n","protected":false},"excerpt":{"rendered":"<p>Signaale blokeeriv 15&#8243; s\u00fclearvuti seljakott pakub t\u00e4iuslikku kaitset koos oma elegantse v\u00e4limusega. Tootes on kasutatud sertifitseeritud k\u00f5rgtehnoloogilist RFID-blokeeringuga kaitsekangast, et pakkuda kaitset h\u00e4kkerite r\u00fcnnakute eest Teie s\u00fclearvutile. \u2022 Kaal: 1550g \u2022 K\u00f5rgus: 450mm \u2022 Laius: 340 mm \u2022 Paksus: 200mm<\/p>\n","protected":false},"featured_media":1348,"template":"","meta":{"_gspb_post_css":""},"product_brand":[],"product_cat":[53],"product_tag":[],"class_list":{"0":"post-906","1":"product","2":"type-product","3":"status-publish","4":"has-post-thumbnail","6":"product_cat-kaitsega-seljakotid","8":"first","9":"instock","10":"shipping-taxable","11":"purchasable","12":"product-type-variable"},"_links":{"self":[{"href":"https:\/\/tengelpung.disainveeb.ee\/et\/wp-json\/wp\/v2\/product\/906","targetHints":{"allow":["GET"]}}],"collection":[{"href":"https:\/\/tengelpung.disainveeb.ee\/et\/wp-json\/wp\/v2\/product"}],"about":[{"href":"https:\/\/tengelpung.disainveeb.ee\/et\/wp-json\/wp\/v2\/types\/product"}],"wp:featuredmedia":[{"embeddable":true,"href":"https:\/\/tengelpung.disainveeb.ee\/et\/wp-json\/wp\/v2\/media\/1348"}],"wp:attachment":[{"href":"https:\/\/tengelpung.disainveeb.ee\/et\/wp-json\/wp\/v2\/media?parent=906"}],"wp:term":[{"taxonomy":"product_brand","embeddable":true,"href":"https:\/\/tengelpung.disainveeb.ee\/et\/wp-json\/wp\/v2\/product_brand?post=906"},{"taxonomy":"product_cat","embeddable":true,"href":"https:\/\/tengelpung.disainveeb.ee\/et\/wp-json\/wp\/v2\/product_cat?post=906"},{"taxonomy":"product_tag","embeddable":true,"href":"https:\/\/tengelpung.disainveeb.ee\/et\/wp-json\/wp\/v2\/product_tag?post=906"}],"curies":[{"name":"wp","href":"https:\/\/api.w.org\/{rel}","templated":true}]}}