{"id":840,"date":"2025-02-17T11:53:52","date_gmt":"2025-02-17T09:53:52","guid":{"rendered":"https:\/\/tengelpung.disainveeb.ee\/?post_type=product&#038;p=840"},"modified":"2025-02-26T15:23:07","modified_gmt":"2025-02-26T13:23:07","slug":"tengelpung-telefoni-turvatasku","status":"publish","type":"product","link":"https:\/\/tengelpung.disainveeb.ee\/et\/toode\/tengelpung-telefoni-turvatasku\/","title":{"rendered":"TENGELPUNG telefoni turvatasku"},"content":{"rendered":"<p data-start=\"0\" data-end=\"294\">Signaale blokeeriv telefonikott pakub t\u00e4iuslikku kaitset koos oma elegantse v\u00e4limusega. Tootes on kasutatud sertifitseeritud k\u00f5rgtehnoloogilist RFID-blokeeringuga kaitsekangast, et pakkuda signaali lekke kaitset Teie telefonile.<br \/>\n\u2022 Kaal: 60-80g<br \/>\n\u2022 K\u00f5rgus: 190-210mm<br \/>\n\u2022 Laius: 95-105mm<br \/>\n\u2022 Paksus: 7mm<\/p>\n","protected":false},"excerpt":{"rendered":"<p>Signaale blokeeriv telefonikott pakub t\u00e4iuslikku kaitset koos oma elegantse v\u00e4limusega. Tootes on kasutatud sertifitseeritud k\u00f5rgtehnoloogilist RFID-blokeeringuga kaitsekangast, et pakkuda signaali lekke kaitset Teie telefonile. \u2022 Kaal: 60-80g \u2022 K\u00f5rgus: 190-210mm \u2022 Laius: 95-105mm \u2022 Paksus: 7mm<\/p>\n","protected":false},"featured_media":1344,"template":"","meta":{"_gspb_post_css":""},"product_brand":[],"product_cat":[55],"product_tag":[],"class_list":{"0":"post-840","1":"product","2":"type-product","3":"status-publish","4":"has-post-thumbnail","6":"product_cat-telefoni-turvataskud","8":"first","9":"instock","10":"shipping-taxable","11":"purchasable","12":"product-type-variable"},"_links":{"self":[{"href":"https:\/\/tengelpung.disainveeb.ee\/et\/wp-json\/wp\/v2\/product\/840","targetHints":{"allow":["GET"]}}],"collection":[{"href":"https:\/\/tengelpung.disainveeb.ee\/et\/wp-json\/wp\/v2\/product"}],"about":[{"href":"https:\/\/tengelpung.disainveeb.ee\/et\/wp-json\/wp\/v2\/types\/product"}],"wp:featuredmedia":[{"embeddable":true,"href":"https:\/\/tengelpung.disainveeb.ee\/et\/wp-json\/wp\/v2\/media\/1344"}],"wp:attachment":[{"href":"https:\/\/tengelpung.disainveeb.ee\/et\/wp-json\/wp\/v2\/media?parent=840"}],"wp:term":[{"taxonomy":"product_brand","embeddable":true,"href":"https:\/\/tengelpung.disainveeb.ee\/et\/wp-json\/wp\/v2\/product_brand?post=840"},{"taxonomy":"product_cat","embeddable":true,"href":"https:\/\/tengelpung.disainveeb.ee\/et\/wp-json\/wp\/v2\/product_cat?post=840"},{"taxonomy":"product_tag","embeddable":true,"href":"https:\/\/tengelpung.disainveeb.ee\/et\/wp-json\/wp\/v2\/product_tag?post=840"}],"curies":[{"name":"wp","href":"https:\/\/api.w.org\/{rel}","templated":true}]}}