{"id":728,"date":"2025-02-17T13:42:44","date_gmt":"2025-02-17T11:42:44","guid":{"rendered":"https:\/\/tengelpung.disainveeb.ee\/?post_type=product&#038;p=728"},"modified":"2025-02-25T13:00:01","modified_gmt":"2025-02-25T11:00:01","slug":"tengelpung-turvatasku","status":"publish","type":"product","link":"https:\/\/tengelpung.disainveeb.ee\/et\/toode\/tengelpung-turvatasku\/","title":{"rendered":"TENGELPUNG turvatasku"},"content":{"rendered":"<p>TENGELPUNG on k\u00e4sit\u00f6\u00f6na valmistatud preemium klassi nahast turva-kukkur. Tootes on kasutatud sertifitseeritud k\u00f5rgtehnoloogilist RFID-blokeeringuga kaitsekangast, et pakkuda signaali lekke kaitset Teie pangakaartidele, id- kaartidele, digitaalsetele autov\u00f5tmetele. Milleks kaitse signaali varguste eest: Pangakaartide viipemakse funktsioon, id-kaardid ja nuti-v\u00f5tmed on ohus<br \/>\nl\u00e4hiraadiuses, sest neid saab kopeerida. Tengelpung aitab ideaalselt oma lahendusega signaale blokeerida.<br \/>\n\u2022 Kaal: 30g<br \/>\n\u2022 K\u00f5rgus: 118mm<br \/>\n\u2022 Laius: 95mm<br \/>\n\u2022 Paksus: 7mm<\/p>\n","protected":false},"excerpt":{"rendered":"<p>TENGELPUNG on k\u00e4sit\u00f6\u00f6na valmistatud preemium klassi nahast turva-kukkur. Tootes on kasutatud sertifitseeritud k\u00f5rgtehnoloogilist RFID-blokeeringuga kaitsekangast, et pakkuda signaali lekke kaitset Teie pangakaartidele, id- kaartidele, digitaalsetele autov\u00f5tmetele. Milleks kaitse signaali varguste eest: Pangakaartide viipemakse funktsioon, id-kaardid ja nuti-v\u00f5tmed on ohus l\u00e4hiraadiuses, sest neid saab kopeerida. Tengelpung aitab ideaalselt oma lahendusega signaale blokeerida. \u2022 Kaal: 30g \u2022 [&hellip;]<\/p>\n","protected":false},"featured_media":1356,"template":"","meta":{"_gspb_post_css":""},"product_brand":[],"product_cat":[93],"product_tag":[],"class_list":{"0":"post-728","1":"product","2":"type-product","3":"status-publish","4":"has-post-thumbnail","6":"product_cat-turvataskud","8":"first","9":"instock","10":"shipping-taxable","11":"purchasable","12":"product-type-variable"},"_links":{"self":[{"href":"https:\/\/tengelpung.disainveeb.ee\/et\/wp-json\/wp\/v2\/product\/728","targetHints":{"allow":["GET"]}}],"collection":[{"href":"https:\/\/tengelpung.disainveeb.ee\/et\/wp-json\/wp\/v2\/product"}],"about":[{"href":"https:\/\/tengelpung.disainveeb.ee\/et\/wp-json\/wp\/v2\/types\/product"}],"wp:featuredmedia":[{"embeddable":true,"href":"https:\/\/tengelpung.disainveeb.ee\/et\/wp-json\/wp\/v2\/media\/1356"}],"wp:attachment":[{"href":"https:\/\/tengelpung.disainveeb.ee\/et\/wp-json\/wp\/v2\/media?parent=728"}],"wp:term":[{"taxonomy":"product_brand","embeddable":true,"href":"https:\/\/tengelpung.disainveeb.ee\/et\/wp-json\/wp\/v2\/product_brand?post=728"},{"taxonomy":"product_cat","embeddable":true,"href":"https:\/\/tengelpung.disainveeb.ee\/et\/wp-json\/wp\/v2\/product_cat?post=728"},{"taxonomy":"product_tag","embeddable":true,"href":"https:\/\/tengelpung.disainveeb.ee\/et\/wp-json\/wp\/v2\/product_tag?post=728"}],"curies":[{"name":"wp","href":"https:\/\/api.w.org\/{rel}","templated":true}]}}