{"id":731,"date":"2025-02-05T04:48:09","date_gmt":"2025-02-05T02:48:09","guid":{"rendered":"https:\/\/tengelpung.disainveeb.ee\/b2b\/"},"modified":"2025-02-25T15:51:49","modified_gmt":"2025-02-25T13:51:49","slug":"b2b","status":"publish","type":"page","link":"https:\/\/tengelpung.disainveeb.ee\/et\/b2b\/","title":{"rendered":"B2B"},"content":{"rendered":"<div class=\"wp-block-greenshift-blocks-row gspb_row gspb_row-id-gsbp-d5fdfdb\" id=\"gspb_row-id-gsbp-d5fdfdb\" data-aos=\"fade\" data-aos-easing=\"ease\" data-aos-duration=\"800\"><div class=\"gspb_row__content\"> <div class=\"wp-block-greenshift-blocks-row-column gspb_row__col--6 gspb_col-id-gsbp-7520ee6\" id=\"gspb_col-id-gsbp-7520ee6\"><h2 id=\"gspb_heading-id-gsbp-a0592f6\" class=\"gspb_heading gspb_heading-id-gsbp-a0592f6 \">B2B kingitustooted<\/h2>\n\n<p>Kohanda oma logo ja stiil.<\/p>\n\n<p>Elegantsete kingitustoodete kollektsioonid.<br>Oleme valmis t\u00e4itma teie soovid RFID-blokeerivate eritellimusel valmistatud toodete osas.<\/p>\n\n<p>Milline nahav\u00e4rv sobib k\u00f5ige paremini teie ettev\u00f5tte logoga?<br>Pakume 12 erinevat nahav\u00e4rvi ja 2 \u00f5mblust\u00fc\u00fcpi meie toodetele.<br>Isikup\u00e4rastatud disainidega j\u00e4tkamiseks v\u00f5tke meiega \u00fchendust ja saatke vektorgraafikas logo.<\/p>\n\n<p>Kui soovite saada edasim\u00fc\u00fcjaks \u2013 v\u00f5tke meiega \u00fchendust.<\/p><\/div>\n\n<div class=\"wp-block-greenshift-blocks-row-column gspb_row__col--6 gspb_col-id-gsbp-024715d\" id=\"gspb_col-id-gsbp-024715d\"><div class=\"wp-block-contact-form-7-contact-form-selector\">\n<div class=\"wpcf7 no-js\" id=\"wpcf7-f887-o1\" lang=\"en-US\" dir=\"ltr\" data-wpcf7-id=\"887\">\n<div class=\"screen-reader-response\"><p role=\"status\" aria-live=\"polite\" aria-atomic=\"true\"><\/p> <ul><\/ul><\/div>\n<form action=\"\/et\/wp-json\/wp\/v2\/pages\/731#wpcf7-f887-o1\" method=\"post\" class=\"wpcf7-form init\" aria-label=\"Contact form\" novalidate=\"novalidate\" data-status=\"init\">\n<div style=\"display: none;\">\n<input type=\"hidden\" name=\"_wpcf7\" value=\"887\" \/>\n<input type=\"hidden\" name=\"_wpcf7_version\" value=\"6.0.4\" \/>\n<input type=\"hidden\" name=\"_wpcf7_locale\" value=\"en_US\" \/>\n<input type=\"hidden\" name=\"_wpcf7_unit_tag\" value=\"wpcf7-f887-o1\" \/>\n<input type=\"hidden\" name=\"_wpcf7_container_post\" value=\"0\" \/>\n<input type=\"hidden\" name=\"_wpcf7_posted_data_hash\" value=\"\" \/>\n<\/div>\n<p><label> Nimi<br \/>\n<span class=\"wpcf7-form-control-wrap\" data-name=\"your-name\"><input size=\"40\" maxlength=\"400\" class=\"wpcf7-form-control wpcf7-text wpcf7-validates-as-required\" autocomplete=\"name\" aria-required=\"true\" aria-invalid=\"false\" value=\"\" type=\"text\" name=\"your-name\" \/><\/span> <\/label>\n<\/p>\n<p><label> E-mail<br \/>\n<span class=\"wpcf7-form-control-wrap\" data-name=\"your-email\"><input size=\"40\" maxlength=\"400\" class=\"wpcf7-form-control wpcf7-email wpcf7-validates-as-required wpcf7-text wpcf7-validates-as-email\" autocomplete=\"email\" aria-required=\"true\" aria-invalid=\"false\" value=\"\" type=\"email\" name=\"your-email\" \/><\/span> <\/label>\n<\/p>\n<p><label> Telefon<br \/>\n<span class=\"wpcf7-form-control-wrap\" data-name=\"tel-156\"><input size=\"40\" maxlength=\"10\" minlength=\"1\" class=\"wpcf7-form-control wpcf7-tel wpcf7-text wpcf7-validates-as-tel\" aria-invalid=\"false\" value=\"\" type=\"tel\" name=\"tel-156\" \/><\/span> <\/label>\n<\/p>\n<p><label> S\u00f5num<br \/>\n<span class=\"wpcf7-form-control-wrap\" data-name=\"your-message\"><textarea cols=\"40\" rows=\"4\" maxlength=\"2000\" class=\"wpcf7-form-control wpcf7-textarea\" aria-invalid=\"false\" name=\"your-message\"><\/textarea><\/span> <\/label>\n<\/p>\n<p><input class=\"wpcf7-form-control wpcf7-submit has-spinner\" type=\"submit\" value=\"Saada\" \/>\n<\/p><div class=\"wpcf7-response-output\" aria-hidden=\"true\"><\/div>\n<\/form>\n<\/div>\n<\/div><\/div> <\/div><\/div>","protected":false},"excerpt":{"rendered":"","protected":false},"author":1,"featured_media":0,"parent":0,"menu_order":0,"comment_status":"closed","ping_status":"closed","template":"","meta":{"_gspb_post_css":"#gspb_row-id-gsbp-d5fdfdb{justify-content:space-between;margin-top:0;margin-bottom:0;display:flex;flex-wrap:wrap;transition-duration:.8s;transition-timing-function:var(--gs-root-animation-easing, cubic-bezier(0.42, 0, 0.58, 1));opacity:var(--gs-root-animation-opacity, 0);transition-property:opacity,transform,filter}#gspb_row-id-gsbp-d5fdfdb>.gspb_row__content{display:flex;justify-content:space-between;margin:0 auto;width:100%;flex-wrap:wrap}.gspb_row{position:relative}div[id^=gspb_col-id]{box-sizing:border-box;position:relative;padding:var(--gs-row-column-padding, 15px min(3vw, 20px))}body.gspb-bodyfront #gspb_row-id-gsbp-d5fdfdb>.gspb_row__content{max-width:var(--wp--style--global--wide-size, 1200px)}#gspb_row-id-gsbp-d5fdfdb.aos-animate,#gspb_row-id-gsbp-d5fdfdb[data-gs-aos]{opacity:1;transform:translateZ(0)}#gspb_col-id-gsbp-024715d.gspb_row__col--6{width:50%}@media (max-width:575.98px){#gspb_col-id-gsbp-024715d.gspb_row__col--6{width:100%}}#gspb_col-id-gsbp-7520ee6.gspb_row__col--6{width:50%}@media (max-width:575.98px){#gspb_col-id-gsbp-7520ee6.gspb_row__col--6{width:100%}}","footnotes":""},"class_list":["post-731","page","type-page","status-publish","hentry"],"_links":{"self":[{"href":"https:\/\/tengelpung.disainveeb.ee\/et\/wp-json\/wp\/v2\/pages\/731","targetHints":{"allow":["GET"]}}],"collection":[{"href":"https:\/\/tengelpung.disainveeb.ee\/et\/wp-json\/wp\/v2\/pages"}],"about":[{"href":"https:\/\/tengelpung.disainveeb.ee\/et\/wp-json\/wp\/v2\/types\/page"}],"author":[{"embeddable":true,"href":"https:\/\/tengelpung.disainveeb.ee\/et\/wp-json\/wp\/v2\/users\/1"}],"replies":[{"embeddable":true,"href":"https:\/\/tengelpung.disainveeb.ee\/et\/wp-json\/wp\/v2\/comments?post=731"}],"version-history":[{"count":5,"href":"https:\/\/tengelpung.disainveeb.ee\/et\/wp-json\/wp\/v2\/pages\/731\/revisions"}],"predecessor-version":[{"id":1319,"href":"https:\/\/tengelpung.disainveeb.ee\/et\/wp-json\/wp\/v2\/pages\/731\/revisions\/1319"}],"wp:attachment":[{"href":"https:\/\/tengelpung.disainveeb.ee\/et\/wp-json\/wp\/v2\/media?parent=731"}],"curies":[{"name":"wp","href":"https:\/\/api.w.org\/{rel}","templated":true}]}}