{"id":1537,"date":"2025-03-01T15:00:04","date_gmt":"2025-03-01T13:00:04","guid":{"rendered":"https:\/\/tengelpung.disainveeb.ee\/?page_id=1537"},"modified":"2025-03-01T15:37:24","modified_gmt":"2025-03-01T13:37:24","slug":"eis-starditoetus","status":"publish","type":"page","link":"https:\/\/tengelpung.disainveeb.ee\/et\/eis-starditoetus\/","title":{"rendered":"EIS Starditoetus"},"content":{"rendered":"<div class=\"wp-block-greenshift-blocks-container gspb_container gspb_container-gsbp-6861584\" id=\"gspb_container-id-gsbp-6861584\" data-aos=\"fade\" data-aos-easing=\"ease\" data-aos-duration=\"800\"><p>&#8220;TENGELPUNG just in case&#8221; kaubam\u00e4rgi br\u00e4ndi arendus ja tootearendus. Projekti eesm\u00e4rk on tootearendus ja br\u00e4ndi visuaalse imago kujundamine. Tulemusena valmivad RFID kaitsega arvutikott ja seljakott kollektsioonid, uuenenud kujundusega kodulehek\u00fclg. EIS Starditoetus toetuse summa 20 000\u20ac.<\/p><\/div>","protected":false},"excerpt":{"rendered":"","protected":false},"author":1,"featured_media":0,"parent":0,"menu_order":0,"comment_status":"closed","ping_status":"closed","template":"","meta":{"_gspb_post_css":".gspb_container-id-gsbp-6861584{flex-direction:column;box-sizing:border-box}#gspb_container-id-gsbp-6861584.gspb_container>p:last-of-type{margin-bottom:0}#gspb_container-id-gsbp-6861584.gspb_container{position:relative;transition-duration:.8s;transition-timing-function:var(--gs-root-animation-easing, cubic-bezier(0.42, 0, 0.58, 1));opacity:var(--gs-root-animation-opacity, 0);transition-property:opacity,transform,filter}#gspb_container-id-gsbp-6861584.gspb_container.aos-animate,#gspb_container-id-gsbp-6861584.gspb_container[data-gs-aos]{opacity:1;transform:translateZ(0)}","footnotes":""},"class_list":["post-1537","page","type-page","status-publish","hentry"],"_links":{"self":[{"href":"https:\/\/tengelpung.disainveeb.ee\/et\/wp-json\/wp\/v2\/pages\/1537","targetHints":{"allow":["GET"]}}],"collection":[{"href":"https:\/\/tengelpung.disainveeb.ee\/et\/wp-json\/wp\/v2\/pages"}],"about":[{"href":"https:\/\/tengelpung.disainveeb.ee\/et\/wp-json\/wp\/v2\/types\/page"}],"author":[{"embeddable":true,"href":"https:\/\/tengelpung.disainveeb.ee\/et\/wp-json\/wp\/v2\/users\/1"}],"replies":[{"embeddable":true,"href":"https:\/\/tengelpung.disainveeb.ee\/et\/wp-json\/wp\/v2\/comments?post=1537"}],"version-history":[{"count":3,"href":"https:\/\/tengelpung.disainveeb.ee\/et\/wp-json\/wp\/v2\/pages\/1537\/revisions"}],"predecessor-version":[{"id":1547,"href":"https:\/\/tengelpung.disainveeb.ee\/et\/wp-json\/wp\/v2\/pages\/1537\/revisions\/1547"}],"wp:attachment":[{"href":"https:\/\/tengelpung.disainveeb.ee\/et\/wp-json\/wp\/v2\/media?parent=1537"}],"curies":[{"name":"wp","href":"https:\/\/api.w.org\/{rel}","templated":true}]}}